{"id":417,"date":"2022-02-17T10:26:47","date_gmt":"2022-02-17T09:26:47","guid":{"rendered":"https:\/\/lebonpretexte.wordpress.com\/?page_id=417"},"modified":"2025-04-26T19:42:32","modified_gmt":"2025-04-26T17:42:32","slug":"mentions-legales","status":"publish","type":"page","link":"https:\/\/lebonpretextecaen.com\/index.php\/mentions-legales\/","title":{"rendered":""},"content":{"rendered":"\n<p class=\"has-small-font-size\">\ufeff<\/p>\n\n\n\n<figure class=\"wp-block-image aligncenter is-resized\" id=\"block-8ccded4d-a314-41f4-a18a-03a704db1bb7\"><a href=\"https:\/\/lebonpretextecaen.com\/\"><img decoding=\"async\" src=\"http:\/\/lebonpretextecaen.com\/wp-content\/uploads\/2024\/08\/cropped-0_LBP-LOGO-Bar-et-cave-a-bieres-a-Caen-Le-bon-pretexte-1-1020x1024.png\" alt=\"L\u2019attribut alt de cette image est vide, son nom de fichier est cropped-0_LBP-LOGO-Bar-et-cave-a-bieres-a-Caen-Le-bon-pretexte-1-1020x1024.png.\" style=\"width:273px;height:auto\"\/><\/a><\/figure>\n\n\n\n<h2 class=\"wp-block-heading has-text-align-center has-text-color has-link-color has-body-font-family has-large-font-size wp-elements-7d2d619d2c9a53d1c5ed7621f9754fe5\" id=\"block-5dd0e590-29fe-4502-b18c-581cbe1d7fa7\" style=\"color:#f67402\"><strong>Mentions l\u00e9gales<\/strong><\/h2>\n\n\n\n<figure class=\"wp-block-image alignfull size-full\"><img loading=\"lazy\" decoding=\"async\" width=\"1280\" height=\"853\" src=\"http:\/\/lebonpretextecaen.com\/wp-content\/uploads\/2023\/11\/tavern-586323_1280.jpg\" alt=\"\" class=\"wp-image-905\" srcset=\"https:\/\/lebonpretextecaen.com\/wp-content\/uploads\/2023\/11\/tavern-586323_1280.jpg 1280w, https:\/\/lebonpretextecaen.com\/wp-content\/uploads\/2023\/11\/tavern-586323_1280-300x200.jpg 300w, https:\/\/lebonpretextecaen.com\/wp-content\/uploads\/2023\/11\/tavern-586323_1280-1024x682.jpg 1024w, https:\/\/lebonpretextecaen.com\/wp-content\/uploads\/2023\/11\/tavern-586323_1280-768x512.jpg 768w, https:\/\/lebonpretextecaen.com\/wp-content\/uploads\/2023\/11\/tavern-586323_1280-450x300.jpg 450w\" sizes=\"auto, (max-width: 1280px) 100vw, 1280px\" \/><\/figure>\n\n\n\n<h1 class=\"wp-block-heading\" id=\"block-ab61a431-c477-48fa-ac81-98253a59a08a\"><\/h1>\n\n\n\n<div class=\"wp-block-group alignfull has-background has-global-padding is-layout-constrained wp-container-core-group-is-layout-490fa1db wp-block-group-is-layout-constrained\" style=\"background-color:#f27107;padding-top:var(--wp--preset--spacing--50);padding-right:var(--wp--preset--spacing--50);padding-bottom:var(--wp--preset--spacing--50);padding-left:var(--wp--preset--spacing--50)\">\n<h2 class=\"wp-block-heading has-text-align-center has-text-color has-link-color has-body-font-family has-large-font-size wp-elements-3dfe995d4a427200d33299675d2225f6\" style=\"color:#000000;font-style:normal;font-weight:900\">Propri\u00e9taire du site :<\/h2>\n\n\n\n<p>D\u00e9nomination sociale : Le Bon Pr\u00e9texte<br>Adresse : 33, rue du Havre &#8211; 14000 CAEN<br>Adresse email :\u00a0<a href=\"mailto:contact@lebonpretextecaen.com\">contact@lebonpretextecaen.com<\/a><\/p>\n\n\n\n<h2 class=\"wp-block-heading has-text-align-center has-body-font-family has-large-font-size\" style=\"font-style:normal;font-weight:900\">Directeur de la publication :<\/h2>\n\n\n\n<p>Morgan Gicquel<br>L&rsquo;\u00e9diteur s&rsquo;engage \u00e0 respecter l&rsquo;ensemble des lois concernant la mise en place et l&rsquo;activit\u00e9 d&rsquo;un site Internet.<\/p>\n\n\n\n<p>Photographies : Le Bon Pr\u00e9texte<\/p>\n\n\n\n<h2 class=\"wp-block-heading has-text-align-center has-body-font-family has-large-font-size\" style=\"font-style:normal;font-weight:900\">Site h\u00e9berg\u00e9 chez :<\/h2>\n\n\n\n<p>OVH<br>2, rue Kellermann<br>59100 Roubaix<\/p>\n\n\n\n<h2 class=\"wp-block-heading has-text-align-center has-body-font-family has-large-font-size\" style=\"font-style:normal;font-weight:900\">Cr\u00e9ation du site internet :<\/h2>\n\n\n\n<p>Morgan GICQUEL<br>33, rue du Havre<br>14000 &#8211; CAEN<\/p>\n\n\n\n<p><a href=\"mailto:contact@lebonpretextecaen.com\">contact@lebonpretextecaen.com<\/a><\/p>\n\n\n\n<h2 class=\"wp-block-heading has-text-align-center has-body-font-family has-large-font-size\" style=\"font-style:normal;font-weight:900\">Limites de responsabilit\u00e9s :<\/h2>\n\n\n\n<p>Le contenu de ce site peut comporter des erreurs et\/ou des inexactitudes et\/ou des omissions techniques et typographiques, ce que vous reconnaissez et acceptez en utilisant ce site. Les informations contenues dans le site sont non-contractuelles et sujettes \u00e0 modification sans pr\u00e9avis.<\/p>\n\n\n\n<p>Les informations pr\u00e9sent\u00e9es sur le site sont r\u00e9guli\u00e8rement mises \u00e0 jour. De ce fait, la soci\u00e9t\u00e9 Le Bon Pr\u00e9texte ne garantit pas que les fonctions ou certaines pages du site seront en ligne et assur\u00e9es sans interruption et sans erreur, ni que le site ou le serveur qui les met \u00e0 disposition sont exempts de virus et autres composants dangereux. En aucun cas, la soci\u00e9t\u00e9 Le Bon Pr\u00e9texte pourra \u00eatre tenue responsable des pr\u00e9judices fortuits, directs ou indirects r\u00e9sultant de l&rsquo;utilisation des \u00e9l\u00e9ments du site.<\/p>\n\n\n\n<p>Ce site Web peut fournir des liens ou des r\u00e9f\u00e9rences \u00e0 d&rsquo;autres sites non contr\u00f4l\u00e9s par la soci\u00e9t\u00e9 Le Bon Pr\u00e9texte. En cons\u00e9quence, la soci\u00e9t\u00e9 Le Bon Pr\u00e9texte d\u00e9cline toute responsabilit\u00e9 quand aux contenus de ces autres sites et ne saurait \u00eatre tenu responsable de tous dommages int\u00e9r\u00eats ou dommages d\u00e9coulant de l&rsquo;utilisation ou recours \u00e0 de tels contenus ni de l&rsquo;acc\u00e8s ou de l&rsquo;impossibilit\u00e9 d&rsquo;acc\u00e8s \u00e0 ces sites.<\/p>\n\n\n\n<p>Tout le contenu textuel et graphique du site est produit et fourni par la soci\u00e9t\u00e9 Le Bon Pr\u00e9texte et sont sous leur responsabilit\u00e9.<\/p>\n\n\n\n<h2 class=\"wp-block-heading has-text-align-center has-body-font-family has-large-font-size\" style=\"font-style:normal;font-weight:900\">Donn\u00e9es personnelles :<\/h2>\n\n\n\n<p>Le Bon Pr\u00e9texte s&rsquo;engage \u00e0 ce que la collecte et le traitement de vos donn\u00e9es effectu\u00e9s \u00e0 partir du site soient conformes au r\u00e8glement g\u00e9n\u00e9ral sur la protection des donn\u00e9es (RGPD) et \u00e0 la loi Informatique et Libert\u00e9s.<br>Vous disposez de droits vous permettant d&rsquo;acc\u00e9der \u00e0 vos donn\u00e9es, demander leur rectification en cas d\u2019erreur, demander leur effacement, demander la limitation de leur traitement, demander leur portabilit\u00e9, vous opposer \u00e0 leur traitement, d\u00e9finir des directives relatives \u00e0 leur sort apr\u00e8s votre d\u00e9c\u00e8s. Pour mieux conna\u00eetre vos droits, consultez le site de la\u00a0<a href=\"https:\/\/www.cnil.fr\/fr\/les-droits-pour-maitriser-vos-donnees-personnelles\/\">CNIL<\/a>.<br>Vous pouvez exercer vos droits en vous adressant \u00e0 : <br>Le Bon Pr\u00e9texte<br>33, rue du Havre &#8211; 14000 CAEN<br><a href=\"mailto:contact@lebonpretextecaen.com\">contact@lebonpretextecaen.com<\/a><br>De mani\u00e8re g\u00e9n\u00e9rale, vous n\u2019\u00eates pas tenu de nous communiquer vos donn\u00e9es personnelles lorsque vous visitez notre site internet.<br>Cependant, pour certains services propos\u00e9s par notre site, vous pouvez \u00eatre amen\u00e9s \u00e0 nous communiquer certaines donn\u00e9es telles que : votre nom, votre ville, votre adresse \u00e9lectronique, votre num\u00e9ro de t\u00e9l\u00e9phone, . Tel est le cas lorsque vous d\u00e9cidez d&rsquo;envoyer un mail \u00e0 l&rsquo;adresse contact@lebonpretextecaen.com. A tout moment, vous pouvez refuser de fournir ces donn\u00e9es personnelles. Dans ce cas, vous ne pourrez pas utiliser les services du site, notamment celui de solliciter en ligne des renseignements sur notre soci\u00e9t\u00e9.<br>Enfin, nous pouvons collecter de mani\u00e8re automatique certaines informations vous concernant lors d\u2019une simple navigation sur notre site Internet. R\u00e9f\u00e9rez-vous au paragraphe \u201cUtilisation de cookies\u201d, ci-dessous.<\/p>\n\n\n\n<h2 class=\"wp-block-heading has-text-align-center has-body-font-family has-large-font-size\" style=\"font-style:normal;font-weight:900\">Formulaire de contact<\/h2>\n\n\n\n<p>Les informations recueillies lors de votre envoie de mail sont enregistr\u00e9es dans un fichier informatis\u00e9, pour la gestion des messages de contact. Elles sont conserv\u00e9es le temps n\u00e9cessaire \u00e0 la gestion de la relation commerciale, et en tout \u00e9tat de cause, maximum 3 ans \u00e0 compter de leur collecte par le responsable de traitement ou du dernier contact \u00e9manant du prospect, et sont destin\u00e9es \u00e0 Le Bon Pr\u00e9texte. Conform\u00e9ment au R\u00e8glement G\u00e9n\u00e9ral sur la Protection des Donn\u00e9es (RGPD), vous pouvez exercer vos diff\u00e9rents droits sur les donn\u00e9es vous concernant et les faire rectifier en contactant : Le Bon Pr\u00e9texte &#8211; Morgan Gicquel &#8211; 33, rue du Havre 14000 CAEN &#8211; <a href=\"mailto:contact@lebonpretextecaen.com\">contact@lebonpretextecaen.com<\/a><\/p>\n\n\n\n<h2 class=\"wp-block-heading has-text-align-center has-body-font-family has-large-font-size\" style=\"font-style:normal;font-weight:900\">Utilisation de cookies<\/h2>\n\n\n\n<p>Les \u00ab cookies \u00bb (ou t\u00e9moins de connexion) sont des petits fichiers texte de taille limit\u00e9e qui nous permettent de reconna\u00eetre votre ordinateur, votre tablette ou votre mobile aux fins de personnaliser les services que nous vous proposons. Ils sont utilis\u00e9s exclusivement pour nos besoins propres afin d\u2019am\u00e9liorer l\u2019interactivit\u00e9 et la performance de notre site web.<br><br><strong>Nous collectons notamment des informations concernant l\u2019utilisation de notre site, comme les zones que vous visitez et les services auxquels vous acc\u00e9dez, votre adresse IP, le type de votre navigateur, vos temps d\u2019acc\u00e8s, destin\u00e9es \u00e0 mesurer l\u2019audience de notre site Internet.<br>Vous pouvez accepter ou refuser le d\u00e9p\u00f4t de cookies \u00e0 tout moment.<br>Lors de votre premi\u00e8re connexion sur le site web de\u00a0<\/strong><a href=\"https:\/\/lebonpretextecaen.com\">https:\/\/lebonpretextecaen.com<\/a><strong>, une banni\u00e8re pr\u00e9sentant bri\u00e8vement des informations relatives au d\u00e9p\u00f4t de cookies et de technologies similaires appara\u00eet en bas de votre \u00e9cran. Cette banni\u00e8re vous avertit qu\u2019en poursuivant votre navigation sur le site web de\u00a0<\/strong><a href=\"https:\/\/lebonpretextecaen.com\">https:\/\/lebonpretextecaen.com<\/a><strong> (en chargeant une nouvelle page ou en cliquant sur divers \u00e9l\u00e9ments du site par exemple), vous acceptez le d\u00e9p\u00f4t de cookies sur votre terminal.<\/strong><\/p>\n\n\n\n<h2 class=\"wp-block-heading has-text-align-center has-body-font-family has-large-font-size\" style=\"font-style:normal;font-weight:900\">Droits d&rsquo;auteur :<\/h2>\n\n\n\n<p class=\"has-text-align-center has-base-2-color has-text-color has-link-color wp-elements-95d6dabad948de76d2ebe752a3a1a361\">Le titre, la conception, la forme du site\u00a0<a href=\"https:\/\/lebonpretextecaen.com\">https:\/\/lebonpretextecaen.com<\/a>\u00a0mais aussi son contenu sont la propri\u00e9t\u00e9 de la soci\u00e9t\u00e9 Le Bon Pr\u00e9texte. Toute utilisation d&rsquo;\u00e9l\u00e9ments du site\u00a0<a href=\"https:\/\/lebonpretextecaen.com\">https:\/\/lebonpretextecaen.com<\/a>\u00a0y compris la reproduction, la modification, la diffusion ou la re-publication, sans l&rsquo;autorisation \u00e9crite pr\u00e9alable de la soci\u00e9t\u00e9 Le Bon Pr\u00e9texte, est strictement interdite et constitutive d&rsquo;une contrefa\u00e7on sanctionn\u00e9e p\u00e9nalement. Toute demande d&rsquo;autorisation de reproduction d&rsquo;une quelconque information contenue dans le site doit \u00eatre adress\u00e9e \u00e0\u00a0<a href=\"mailto:contact@lebonpretextecaen.com\">contact@lebonpretextecaen.com<\/a>.<\/p>\n\n\n\n<hr class=\"wp-block-separator has-alpha-channel-opacity\" style=\"margin-top:var(--wp--preset--spacing--20);margin-bottom:var(--wp--preset--spacing--20)\"\/>\n<\/div>\n\n\n\n<p class=\"has-text-align-center has-small-font-size\">\ud83d\udd1e <em>La vente d&rsquo;alcool est interdite aux mineurs<\/em>. <em>L&rsquo;abus d&rsquo;alcool est dangereux pour la sant\u00e9, \u00e0 consommer avec mod\u00e9ration.<\/em><\/p>\n\n\n\n<hr class=\"wp-block-separator has-text-color has-base-2-color has-alpha-channel-opacity has-base-2-background-color has-background\"\/>\n\n\n\n<div class=\"wp-block-columns is-layout-flex wp-container-core-columns-is-layout-28f84493 wp-block-columns-is-layout-flex\">\n<div class=\"wp-block-column is-layout-flow wp-block-column-is-layout-flow\">\n<p><\/p>\n\n\n\n<p class=\"has-text-align-center\">\ud83d\udd56&nbsp;<strong>NOS HORAIRES<\/strong><\/p>\n\n\n\n<p class=\"has-text-align-center\">Mardi au jeudi : 17h\/01h<\/p>\n\n\n\n<p class=\"has-text-align-center\">Vendredi : 16h30\/01h<\/p>\n\n\n\n<p class=\"has-text-align-center\">Samedi : 15h\/01h<\/p>\n<\/div>\n\n\n\n<div class=\"wp-block-column is-layout-flow wp-block-column-is-layout-flow\">\n<p><\/p>\n\n\n\n<p class=\"has-text-align-center\">\ud83d\udc4b&nbsp;<strong>NOUS CONTACTER :<\/strong><\/p>\n\n\n\n<p class=\"has-text-align-center\">\ud83d\udc8c contact@lebonpretextecaen.com<\/p>\n\n\n\n<p class=\"has-text-align-center\">\ud83d\udcec 33, rue du Havre, 14000 CAEN<\/p>\n\n\n\n<ul class=\"wp-block-social-links aligncenter is-content-justification-center is-layout-flex wp-container-core-social-links-is-layout-a89b3969 wp-block-social-links-is-layout-flex\"><li class=\"wp-social-link wp-social-link-instagram  wp-block-social-link\"><a href=\"https:\/\/www.instagram.com\/lebonpretextecaen\/\" class=\"wp-block-social-link-anchor\"><svg width=\"24\" height=\"24\" viewBox=\"0 0 24 24\" version=\"1.1\" xmlns=\"http:\/\/www.w3.org\/2000\/svg\" aria-hidden=\"true\" focusable=\"false\"><path d=\"M12,4.622c2.403,0,2.688,0.009,3.637,0.052c0.877,0.04,1.354,0.187,1.671,0.31c0.42,0.163,0.72,0.358,1.035,0.673 c0.315,0.315,0.51,0.615,0.673,1.035c0.123,0.317,0.27,0.794,0.31,1.671c0.043,0.949,0.052,1.234,0.052,3.637 s-0.009,2.688-0.052,3.637c-0.04,0.877-0.187,1.354-0.31,1.671c-0.163,0.42-0.358,0.72-0.673,1.035 c-0.315,0.315-0.615,0.51-1.035,0.673c-0.317,0.123-0.794,0.27-1.671,0.31c-0.949,0.043-1.233,0.052-3.637,0.052 s-2.688-0.009-3.637-0.052c-0.877-0.04-1.354-0.187-1.671-0.31c-0.42-0.163-0.72-0.358-1.035-0.673 c-0.315-0.315-0.51-0.615-0.673-1.035c-0.123-0.317-0.27-0.794-0.31-1.671C4.631,14.688,4.622,14.403,4.622,12 s0.009-2.688,0.052-3.637c0.04-0.877,0.187-1.354,0.31-1.671c0.163-0.42,0.358-0.72,0.673-1.035 c0.315-0.315,0.615-0.51,1.035-0.673c0.317-0.123,0.794-0.27,1.671-0.31C9.312,4.631,9.597,4.622,12,4.622 M12,3 C9.556,3,9.249,3.01,8.289,3.054C7.331,3.098,6.677,3.25,6.105,3.472C5.513,3.702,5.011,4.01,4.511,4.511 c-0.5,0.5-0.808,1.002-1.038,1.594C3.25,6.677,3.098,7.331,3.054,8.289C3.01,9.249,3,9.556,3,12c0,2.444,0.01,2.751,0.054,3.711 c0.044,0.958,0.196,1.612,0.418,2.185c0.23,0.592,0.538,1.094,1.038,1.594c0.5,0.5,1.002,0.808,1.594,1.038 c0.572,0.222,1.227,0.375,2.185,0.418C9.249,20.99,9.556,21,12,21s2.751-0.01,3.711-0.054c0.958-0.044,1.612-0.196,2.185-0.418 c0.592-0.23,1.094-0.538,1.594-1.038c0.5-0.5,0.808-1.002,1.038-1.594c0.222-0.572,0.375-1.227,0.418-2.185 C20.99,14.751,21,14.444,21,12s-0.01-2.751-0.054-3.711c-0.044-0.958-0.196-1.612-0.418-2.185c-0.23-0.592-0.538-1.094-1.038-1.594 c-0.5-0.5-1.002-0.808-1.594-1.038c-0.572-0.222-1.227-0.375-2.185-0.418C14.751,3.01,14.444,3,12,3L12,3z M12,7.378 c-2.552,0-4.622,2.069-4.622,4.622S9.448,16.622,12,16.622s4.622-2.069,4.622-4.622S14.552,7.378,12,7.378z M12,15 c-1.657,0-3-1.343-3-3s1.343-3,3-3s3,1.343,3,3S13.657,15,12,15z M16.804,6.116c-0.596,0-1.08,0.484-1.08,1.08 s0.484,1.08,1.08,1.08c0.596,0,1.08-0.484,1.08-1.08S17.401,6.116,16.804,6.116z\"><\/path><\/svg><span class=\"wp-block-social-link-label screen-reader-text\">Instagram<\/span><\/a><\/li>\n\n<li class=\"wp-social-link wp-social-link-facebook  wp-block-social-link\"><a href=\"https:\/\/www.facebook.com\/p\/Le-Bon-Pr%C3%A9texte-Caen-61557383557214\/?locale=fr_FR\" class=\"wp-block-social-link-anchor\"><svg width=\"24\" height=\"24\" viewBox=\"0 0 24 24\" version=\"1.1\" xmlns=\"http:\/\/www.w3.org\/2000\/svg\" aria-hidden=\"true\" focusable=\"false\"><path d=\"M12 2C6.5 2 2 6.5 2 12c0 5 3.7 9.1 8.4 9.9v-7H7.9V12h2.5V9.8c0-2.5 1.5-3.9 3.8-3.9 1.1 0 2.2.2 2.2.2v2.5h-1.3c-1.2 0-1.6.8-1.6 1.6V12h2.8l-.4 2.9h-2.3v7C18.3 21.1 22 17 22 12c0-5.5-4.5-10-10-10z\"><\/path><\/svg><span class=\"wp-block-social-link-label screen-reader-text\">Facebook<\/span><\/a><\/li><\/ul>\n<\/div>\n<\/div>\n","protected":false},"excerpt":{"rendered":"<p>\ufeff Mentions l\u00e9gales Propri\u00e9taire du site : D\u00e9nomination sociale : Le Bon Pr\u00e9texteAdresse : 33, rue du Havre &#8211; 14000 CAENAdresse email :\u00a0contact@lebonpretextecaen.com Directeur de la publication : Morgan GicquelL&rsquo;\u00e9diteur s&rsquo;engage \u00e0 respecter l&rsquo;ensemble des lois concernant la mise en place et l&rsquo;activit\u00e9 d&rsquo;un site Internet. Photographies : Le Bon Pr\u00e9texte Site h\u00e9berg\u00e9 chez : [&hellip;]<\/p>\n","protected":false},"author":1,"featured_media":0,"parent":0,"menu_order":0,"comment_status":"closed","ping_status":"closed","template":"","meta":{"footnotes":""},"class_list":["post-417","page","type-page","status-publish","hentry"],"jetpack_sharing_enabled":true,"_links":{"self":[{"href":"https:\/\/lebonpretextecaen.com\/index.php\/wp-json\/wp\/v2\/pages\/417","targetHints":{"allow":["GET"]}}],"collection":[{"href":"https:\/\/lebonpretextecaen.com\/index.php\/wp-json\/wp\/v2\/pages"}],"about":[{"href":"https:\/\/lebonpretextecaen.com\/index.php\/wp-json\/wp\/v2\/types\/page"}],"author":[{"embeddable":true,"href":"https:\/\/lebonpretextecaen.com\/index.php\/wp-json\/wp\/v2\/users\/1"}],"replies":[{"embeddable":true,"href":"https:\/\/lebonpretextecaen.com\/index.php\/wp-json\/wp\/v2\/comments?post=417"}],"version-history":[{"count":2,"href":"https:\/\/lebonpretextecaen.com\/index.php\/wp-json\/wp\/v2\/pages\/417\/revisions"}],"predecessor-version":[{"id":1639,"href":"https:\/\/lebonpretextecaen.com\/index.php\/wp-json\/wp\/v2\/pages\/417\/revisions\/1639"}],"wp:attachment":[{"href":"https:\/\/lebonpretextecaen.com\/index.php\/wp-json\/wp\/v2\/media?parent=417"}],"curies":[{"name":"wp","href":"https:\/\/api.w.org\/{rel}","templated":true}]}}