{"id":198,"date":"2022-02-10T13:35:29","date_gmt":"2022-02-10T12:35:29","guid":{"rendered":"https:\/\/lebonpretexte.wordpress.com\/?page_id=198"},"modified":"2025-07-12T15:56:50","modified_gmt":"2025-07-12T13:56:50","slug":"cave-3","status":"publish","type":"page","link":"https:\/\/lebonpretextecaen.com\/index.php\/cave-3\/","title":{"rendered":""},"content":{"rendered":"\n<figure class=\"wp-block-image aligncenter size-large is-resized\"><a href=\"https:\/\/lebonpretextecaen.com\/\"><img loading=\"lazy\" decoding=\"async\" width=\"1020\" height=\"1024\" src=\"http:\/\/lebonpretextecaen.com\/wp-content\/uploads\/2024\/08\/cropped-0_LBP-LOGO-Bar-et-cave-a-bieres-a-Caen-Le-bon-pretexte-1-1020x1024.png\" alt=\"\" class=\"wp-image-1485\" style=\"width:310px;height:auto\" srcset=\"https:\/\/lebonpretextecaen.com\/wp-content\/uploads\/2024\/08\/cropped-0_LBP-LOGO-Bar-et-cave-a-bieres-a-Caen-Le-bon-pretexte-1-1020x1024.png 1020w, https:\/\/lebonpretextecaen.com\/wp-content\/uploads\/2024\/08\/cropped-0_LBP-LOGO-Bar-et-cave-a-bieres-a-Caen-Le-bon-pretexte-1-300x300.png 300w, https:\/\/lebonpretextecaen.com\/wp-content\/uploads\/2024\/08\/cropped-0_LBP-LOGO-Bar-et-cave-a-bieres-a-Caen-Le-bon-pretexte-1-150x150.png 150w, https:\/\/lebonpretextecaen.com\/wp-content\/uploads\/2024\/08\/cropped-0_LBP-LOGO-Bar-et-cave-a-bieres-a-Caen-Le-bon-pretexte-1-768x771.png 768w, https:\/\/lebonpretextecaen.com\/wp-content\/uploads\/2024\/08\/cropped-0_LBP-LOGO-Bar-et-cave-a-bieres-a-Caen-Le-bon-pretexte-1-1530x1536.png 1530w, https:\/\/lebonpretextecaen.com\/wp-content\/uploads\/2024\/08\/cropped-0_LBP-LOGO-Bar-et-cave-a-bieres-a-Caen-Le-bon-pretexte-1.png 1600w\" sizes=\"auto, (max-width: 1020px) 100vw, 1020px\" \/><\/a><\/figure>\n\n\n\n<h1 class=\"wp-block-heading has-text-align-center has-text-color has-link-color has-body-font-family has-large-font-size wp-elements-f584a6b8d20ef0ba6fd2a28955354c68\" style=\"color:#f67402;font-style:normal;font-weight:900\"><strong>Cave \u00e0 bi\u00e8res normandes<\/strong><\/h1>\n\n\n\n<div class=\"wp-block-cover alignfull\" style=\"min-height:299px;aspect-ratio:unset;\"><img loading=\"lazy\" decoding=\"async\" width=\"1080\" height=\"1080\" class=\"wp-block-cover__image-background wp-image-1248\" alt=\"\" src=\"http:\/\/lebonpretextecaen.com\/wp-content\/uploads\/2024\/08\/Insta-Le-Bon-Pretexte-Caen-cave-a-biere-et-bar-Biere-artisanale-fete-biere-2.jpg\" style=\"object-position:65% 38%\" data-object-fit=\"cover\" data-object-position=\"65% 38%\" srcset=\"https:\/\/lebonpretextecaen.com\/wp-content\/uploads\/2024\/08\/Insta-Le-Bon-Pretexte-Caen-cave-a-biere-et-bar-Biere-artisanale-fete-biere-2.jpg 1080w, https:\/\/lebonpretextecaen.com\/wp-content\/uploads\/2024\/08\/Insta-Le-Bon-Pretexte-Caen-cave-a-biere-et-bar-Biere-artisanale-fete-biere-2-300x300.jpg 300w, https:\/\/lebonpretextecaen.com\/wp-content\/uploads\/2024\/08\/Insta-Le-Bon-Pretexte-Caen-cave-a-biere-et-bar-Biere-artisanale-fete-biere-2-1024x1024.jpg 1024w, https:\/\/lebonpretextecaen.com\/wp-content\/uploads\/2024\/08\/Insta-Le-Bon-Pretexte-Caen-cave-a-biere-et-bar-Biere-artisanale-fete-biere-2-150x150.jpg 150w, https:\/\/lebonpretextecaen.com\/wp-content\/uploads\/2024\/08\/Insta-Le-Bon-Pretexte-Caen-cave-a-biere-et-bar-Biere-artisanale-fete-biere-2-768x768.jpg 768w, https:\/\/lebonpretextecaen.com\/wp-content\/uploads\/2024\/08\/Insta-Le-Bon-Pretexte-Caen-cave-a-biere-et-bar-Biere-artisanale-fete-biere-2-400x400.jpg 400w, https:\/\/lebonpretextecaen.com\/wp-content\/uploads\/2024\/08\/Insta-Le-Bon-Pretexte-Caen-cave-a-biere-et-bar-Biere-artisanale-fete-biere-2-100x100.jpg 100w, https:\/\/lebonpretextecaen.com\/wp-content\/uploads\/2024\/08\/Insta-Le-Bon-Pretexte-Caen-cave-a-biere-et-bar-Biere-artisanale-fete-biere-2-200x200.jpg 200w\" sizes=\"auto, (max-width: 1080px) 100vw, 1080px\" \/><span aria-hidden=\"true\" class=\"wp-block-cover__background has-base-background-color has-background-dim-0 has-background-dim\"><\/span><div class=\"wp-block-cover__inner-container is-layout-flow wp-block-cover-is-layout-flow\">\n<p class=\"has-text-align-center has-medium-font-size\"><\/p>\n<\/div><\/div>\n\n\n\n<div class=\"wp-block-group alignfull has-background has-global-padding is-layout-constrained wp-container-core-group-is-layout-490fa1db wp-block-group-is-layout-constrained\" style=\"background-color:#f27107;padding-top:var(--wp--preset--spacing--50);padding-right:var(--wp--preset--spacing--50);padding-bottom:var(--wp--preset--spacing--50);padding-left:var(--wp--preset--spacing--50)\">\n<h1 class=\"wp-block-heading has-text-align-center has-text-color has-link-color has-body-font-family has-large-font-size wp-elements-5814c502ae38e52e30b341cb00d76845\" style=\"color:#000000;font-style:normal;font-weight:900\">Craft beer only*<\/h1>\n\n\n\n<p class=\"has-text-align-center has-small-font-size\"><em>(Ca veut dire \u00ab\u00a0bi\u00e8res artisanales seulement\u00a0\u00bb, mais c&rsquo;est styl\u00e9 en anglais)<\/em><\/p>\n\n\n\n<p class=\"has-text-align-center has-base-2-color has-text-color has-link-color wp-elements-8b2d31edb57f37f15830cc39e736f0c0\"><strong>Nos bi\u00e8res voyagent du bar \u00e0 la maison, encapsulant l\u2019esprit du Bon Pr\u00e9texte dans vos ap\u00e9ros entre potes !<\/strong><\/p>\n\n\n\n<p class=\"has-text-align-center\" style=\"font-size:clamp(14px, 0.875rem + ((1vw - 3.2px) * 0.104), 15px);\">Dans la cave, tu pourras choisir parmi nos <strong>150 r\u00e9f\u00e9rences bouteilles et canettes.<\/strong> Avec <strong>plus de 130 brasseries et micro-brasseries <\/strong>en <strong>Normandie<\/strong>, il y a du choix dans le local et bient\u00f4t chez toi.<\/p>\n\n\n\n<p class=\"has-text-align-center\" style=\"font-size:clamp(14px, 0.875rem + ((1vw - 3.2px) * 0.104), 15px);\">Parcours, d\u00e9couvre et trouve tes bi\u00e8res pr\u00e9f\u00e9r\u00e9es, un bon pr\u00e9texte pour <strong>d\u00e9couvrir des saveurs insoup\u00e7onn\u00e9es<\/strong> et les partager !<\/p>\n\n\n\n<h1 class=\"wp-block-heading has-text-align-center has-body-font-family has-large-font-size\" style=\"font-style:normal;font-weight:900\">Spiritueux normands<\/h1>\n\n\n\n<p class=\"has-text-align-center\" style=\"font-size:clamp(14px, 0.875rem + ((1vw - 3.2px) * 0.104), 15px);\">On aime le houblon, mais pas que ! Tu trouveras aussi du cidre, du poir\u00e9 et des spiritueux normands, parfait pour un cadeau de derni\u00e8re minute !<\/p>\n\n\n\n<hr class=\"wp-block-separator has-text-color has-base-2-color has-alpha-channel-opacity has-base-2-background-color has-background\"\/>\n\n\n\n<p class=\"has-text-align-center has-contrast-color has-text-color has-link-color has-small-font-size wp-elements-49aefc7221d70e617a8c256c2840275c\" style=\"line-height:1.5\">\ud83d\udd1e&nbsp;<em>La vente d\u2019alcool est interdite aux mineurs<\/em>.&nbsp;<em>L\u2019abus d\u2019alcool est dangereux pour la sant\u00e9, \u00e0 consommer avec mod\u00e9ration.<\/em><\/p>\n\n\n\n<hr class=\"wp-block-separator has-text-color has-base-2-color has-alpha-channel-opacity has-base-2-background-color has-background\" style=\"margin-top:var(--wp--preset--spacing--30);margin-bottom:var(--wp--preset--spacing--30)\"\/>\n<\/div>\n\n\n\n<div class=\"wp-block-columns is-layout-flex wp-container-core-columns-is-layout-28f84493 wp-block-columns-is-layout-flex\">\n<div class=\"wp-block-column is-layout-flow wp-block-column-is-layout-flow\">\n<p class=\"has-text-align-center\">\ud83d\udd56&nbsp;<strong>NOS HORAIRES<\/strong><\/p>\n\n\n\n<p class=\"has-text-align-center\">Mardi au jeudi : 17h\/01h<\/p>\n\n\n\n<p class=\"has-text-align-center\">Vendredi : 16h30\/01h<\/p>\n\n\n\n<p class=\"has-text-align-center\">Samedi : 15h\/01h<\/p>\n<\/div>\n\n\n\n<div class=\"wp-block-column is-layout-flow wp-block-column-is-layout-flow\">\n<p class=\"has-text-align-center\">\ud83d\udc4b&nbsp;<strong>NOUS CONTACTER :<\/strong><\/p>\n\n\n\n<p class=\"has-text-align-center\">\ud83d\udc8c contact@lebonpretextecaen.com<\/p>\n\n\n\n<p class=\"has-text-align-center\">\ud83d\udcec 33, rue du Havre, 14000 CAEN<\/p>\n\n\n\n<ul class=\"wp-block-social-links aligncenter is-content-justification-center is-layout-flex wp-container-core-social-links-is-layout-a89b3969 wp-block-social-links-is-layout-flex\"><li class=\"wp-social-link wp-social-link-instagram  wp-block-social-link\"><a href=\"https:\/\/www.instagram.com\/lebonpretextecaen\/\" class=\"wp-block-social-link-anchor\"><svg width=\"24\" height=\"24\" viewBox=\"0 0 24 24\" version=\"1.1\" xmlns=\"http:\/\/www.w3.org\/2000\/svg\" aria-hidden=\"true\" focusable=\"false\"><path d=\"M12,4.622c2.403,0,2.688,0.009,3.637,0.052c0.877,0.04,1.354,0.187,1.671,0.31c0.42,0.163,0.72,0.358,1.035,0.673 c0.315,0.315,0.51,0.615,0.673,1.035c0.123,0.317,0.27,0.794,0.31,1.671c0.043,0.949,0.052,1.234,0.052,3.637 s-0.009,2.688-0.052,3.637c-0.04,0.877-0.187,1.354-0.31,1.671c-0.163,0.42-0.358,0.72-0.673,1.035 c-0.315,0.315-0.615,0.51-1.035,0.673c-0.317,0.123-0.794,0.27-1.671,0.31c-0.949,0.043-1.233,0.052-3.637,0.052 s-2.688-0.009-3.637-0.052c-0.877-0.04-1.354-0.187-1.671-0.31c-0.42-0.163-0.72-0.358-1.035-0.673 c-0.315-0.315-0.51-0.615-0.673-1.035c-0.123-0.317-0.27-0.794-0.31-1.671C4.631,14.688,4.622,14.403,4.622,12 s0.009-2.688,0.052-3.637c0.04-0.877,0.187-1.354,0.31-1.671c0.163-0.42,0.358-0.72,0.673-1.035 c0.315-0.315,0.615-0.51,1.035-0.673c0.317-0.123,0.794-0.27,1.671-0.31C9.312,4.631,9.597,4.622,12,4.622 M12,3 C9.556,3,9.249,3.01,8.289,3.054C7.331,3.098,6.677,3.25,6.105,3.472C5.513,3.702,5.011,4.01,4.511,4.511 c-0.5,0.5-0.808,1.002-1.038,1.594C3.25,6.677,3.098,7.331,3.054,8.289C3.01,9.249,3,9.556,3,12c0,2.444,0.01,2.751,0.054,3.711 c0.044,0.958,0.196,1.612,0.418,2.185c0.23,0.592,0.538,1.094,1.038,1.594c0.5,0.5,1.002,0.808,1.594,1.038 c0.572,0.222,1.227,0.375,2.185,0.418C9.249,20.99,9.556,21,12,21s2.751-0.01,3.711-0.054c0.958-0.044,1.612-0.196,2.185-0.418 c0.592-0.23,1.094-0.538,1.594-1.038c0.5-0.5,0.808-1.002,1.038-1.594c0.222-0.572,0.375-1.227,0.418-2.185 C20.99,14.751,21,14.444,21,12s-0.01-2.751-0.054-3.711c-0.044-0.958-0.196-1.612-0.418-2.185c-0.23-0.592-0.538-1.094-1.038-1.594 c-0.5-0.5-1.002-0.808-1.594-1.038c-0.572-0.222-1.227-0.375-2.185-0.418C14.751,3.01,14.444,3,12,3L12,3z M12,7.378 c-2.552,0-4.622,2.069-4.622,4.622S9.448,16.622,12,16.622s4.622-2.069,4.622-4.622S14.552,7.378,12,7.378z M12,15 c-1.657,0-3-1.343-3-3s1.343-3,3-3s3,1.343,3,3S13.657,15,12,15z M16.804,6.116c-0.596,0-1.08,0.484-1.08,1.08 s0.484,1.08,1.08,1.08c0.596,0,1.08-0.484,1.08-1.08S17.401,6.116,16.804,6.116z\"><\/path><\/svg><span class=\"wp-block-social-link-label screen-reader-text\">Instagram<\/span><\/a><\/li>\n\n<li class=\"wp-social-link wp-social-link-facebook  wp-block-social-link\"><a href=\"https:\/\/www.facebook.com\/p\/Le-Bon-Pr%C3%A9texte-Caen-61557383557214\/?locale=fr_FR\" class=\"wp-block-social-link-anchor\"><svg width=\"24\" height=\"24\" viewBox=\"0 0 24 24\" version=\"1.1\" xmlns=\"http:\/\/www.w3.org\/2000\/svg\" aria-hidden=\"true\" focusable=\"false\"><path d=\"M12 2C6.5 2 2 6.5 2 12c0 5 3.7 9.1 8.4 9.9v-7H7.9V12h2.5V9.8c0-2.5 1.5-3.9 3.8-3.9 1.1 0 2.2.2 2.2.2v2.5h-1.3c-1.2 0-1.6.8-1.6 1.6V12h2.8l-.4 2.9h-2.3v7C18.3 21.1 22 17 22 12c0-5.5-4.5-10-10-10z\"><\/path><\/svg><span class=\"wp-block-social-link-label screen-reader-text\">Facebook<\/span><\/a><\/li><\/ul>\n<\/div>\n<\/div>\n\n\n\n<hr class=\"wp-block-separator has-text-color has-base-2-color has-alpha-channel-opacity has-base-2-background-color has-background\"\/>\n\n\n\n<p class=\"has-text-align-center has-small-font-size\"><a href=\"https:\/\/lebonpretextecaen.com\/\">Accueil<\/a> &#8211; <a href=\"https:\/\/lebonpretextecaen.com\/index.php\/bar\/\">Le Bar<\/a> &#8211; <a href=\"https:\/\/lebonpretextecaen.com\/index.php\/cave\/\">La cave \u00e0 Bi\u00e8res<\/a> &#8211; <a href=\"https:\/\/lebonpretextecaen.com\/index.php\/contact\/\">Contact<\/a> &#8211; <a href=\"https:\/\/lebonpretextecaen.com\/index.php\/mentions-legales\/\">Mention l\u00e9gales<\/a> <\/p>\n\n\n\n<p><\/p>\n","protected":false},"excerpt":{"rendered":"<p>Cave \u00e0 bi\u00e8res normandes Craft beer only* (Ca veut dire \u00ab\u00a0bi\u00e8res artisanales seulement\u00a0\u00bb, mais c&rsquo;est styl\u00e9 en anglais) Nos bi\u00e8res voyagent du bar \u00e0 la maison, encapsulant l\u2019esprit du Bon Pr\u00e9texte dans vos ap\u00e9ros entre potes ! Dans la cave, tu pourras choisir parmi nos 150 r\u00e9f\u00e9rences bouteilles et canettes. Avec plus de 130 brasseries [&hellip;]<\/p>\n","protected":false},"author":1,"featured_media":0,"parent":0,"menu_order":0,"comment_status":"closed","ping_status":"closed","template":"","meta":{"footnotes":""},"class_list":["post-198","page","type-page","status-publish","hentry"],"jetpack_sharing_enabled":true,"_links":{"self":[{"href":"https:\/\/lebonpretextecaen.com\/index.php\/wp-json\/wp\/v2\/pages\/198","targetHints":{"allow":["GET"]}}],"collection":[{"href":"https:\/\/lebonpretextecaen.com\/index.php\/wp-json\/wp\/v2\/pages"}],"about":[{"href":"https:\/\/lebonpretextecaen.com\/index.php\/wp-json\/wp\/v2\/types\/page"}],"author":[{"embeddable":true,"href":"https:\/\/lebonpretextecaen.com\/index.php\/wp-json\/wp\/v2\/users\/1"}],"replies":[{"embeddable":true,"href":"https:\/\/lebonpretextecaen.com\/index.php\/wp-json\/wp\/v2\/comments?post=198"}],"version-history":[{"count":35,"href":"https:\/\/lebonpretextecaen.com\/index.php\/wp-json\/wp\/v2\/pages\/198\/revisions"}],"predecessor-version":[{"id":1657,"href":"https:\/\/lebonpretextecaen.com\/index.php\/wp-json\/wp\/v2\/pages\/198\/revisions\/1657"}],"wp:attachment":[{"href":"https:\/\/lebonpretextecaen.com\/index.php\/wp-json\/wp\/v2\/media?parent=198"}],"curies":[{"name":"wp","href":"https:\/\/api.w.org\/{rel}","templated":true}]}}