{"id":11,"date":"2024-08-08T13:27:04","date_gmt":"2024-08-08T11:27:04","guid":{"rendered":"https:\/\/lebonpretextecaen.com\/?page_id=11"},"modified":"2025-04-26T19:46:53","modified_gmt":"2025-04-26T17:46:53","slug":"contact","status":"publish","type":"page","link":"https:\/\/lebonpretextecaen.com\/index.php\/contact\/","title":{"rendered":""},"content":{"rendered":"\n<figure class=\"wp-block-image aligncenter size-large is-resized\"><a href=\"https:\/\/lebonpretextecaen.com\/\"><img loading=\"lazy\" decoding=\"async\" width=\"1020\" height=\"1024\" src=\"http:\/\/lebonpretextecaen.com\/wp-content\/uploads\/2024\/08\/cropped-0_LBP-LOGO-Bar-et-cave-a-bieres-a-Caen-Le-bon-pretexte-1-1020x1024.png\" alt=\"\" class=\"wp-image-1485\" style=\"width:325px;height:auto\" srcset=\"https:\/\/lebonpretextecaen.com\/wp-content\/uploads\/2024\/08\/cropped-0_LBP-LOGO-Bar-et-cave-a-bieres-a-Caen-Le-bon-pretexte-1-1020x1024.png 1020w, https:\/\/lebonpretextecaen.com\/wp-content\/uploads\/2024\/08\/cropped-0_LBP-LOGO-Bar-et-cave-a-bieres-a-Caen-Le-bon-pretexte-1-300x300.png 300w, https:\/\/lebonpretextecaen.com\/wp-content\/uploads\/2024\/08\/cropped-0_LBP-LOGO-Bar-et-cave-a-bieres-a-Caen-Le-bon-pretexte-1-150x150.png 150w, https:\/\/lebonpretextecaen.com\/wp-content\/uploads\/2024\/08\/cropped-0_LBP-LOGO-Bar-et-cave-a-bieres-a-Caen-Le-bon-pretexte-1-768x771.png 768w, https:\/\/lebonpretextecaen.com\/wp-content\/uploads\/2024\/08\/cropped-0_LBP-LOGO-Bar-et-cave-a-bieres-a-Caen-Le-bon-pretexte-1-1530x1536.png 1530w, https:\/\/lebonpretextecaen.com\/wp-content\/uploads\/2024\/08\/cropped-0_LBP-LOGO-Bar-et-cave-a-bieres-a-Caen-Le-bon-pretexte-1.png 1600w\" sizes=\"auto, (max-width: 1020px) 100vw, 1020px\" \/><\/a><\/figure>\n\n\n\n<h2 class=\"wp-block-heading has-text-align-center has-text-color has-link-color has-body-font-family has-large-font-size wp-elements-c9ccba60a22d94f217bb4e9b43622a5e\" style=\"color:#f67402;font-style:normal;font-weight:900\">O\u00f9 nous trouver \u00e0 Caen ?<\/h2>\n\n\n\n<figure class=\"wp-block-image alignfull size-large\"><img loading=\"lazy\" decoding=\"async\" width=\"1024\" height=\"571\" src=\"http:\/\/lebonpretextecaen.com\/wp-content\/uploads\/2025\/04\/PXL_20250423_192552211.MP2-copie-1024x571.jpg\" alt=\"\" class=\"wp-image-1583\" srcset=\"https:\/\/lebonpretextecaen.com\/wp-content\/uploads\/2025\/04\/PXL_20250423_192552211.MP2-copie-1024x571.jpg 1024w, https:\/\/lebonpretextecaen.com\/wp-content\/uploads\/2025\/04\/PXL_20250423_192552211.MP2-copie-300x167.jpg 300w, https:\/\/lebonpretextecaen.com\/wp-content\/uploads\/2025\/04\/PXL_20250423_192552211.MP2-copie-768x428.jpg 768w, https:\/\/lebonpretextecaen.com\/wp-content\/uploads\/2025\/04\/PXL_20250423_192552211.MP2-copie-1536x857.jpg 1536w, https:\/\/lebonpretextecaen.com\/wp-content\/uploads\/2025\/04\/PXL_20250423_192552211.MP2-copie-2048x1143.jpg 2048w\" sizes=\"auto, (max-width: 1024px) 100vw, 1024px\" \/><\/figure>\n\n\n\n<div class=\"wp-block-group alignfull has-background has-global-padding is-layout-constrained wp-container-core-group-is-layout-490fa1db wp-block-group-is-layout-constrained\" style=\"background-color:#f27107;padding-top:var(--wp--preset--spacing--50);padding-right:var(--wp--preset--spacing--50);padding-bottom:var(--wp--preset--spacing--50);padding-left:var(--wp--preset--spacing--50)\">\n<h1 class=\"wp-block-heading has-text-align-center has-text-color has-link-color has-body-font-family has-large-font-size wp-elements-ce678a0a88ac540d4650391649d49a4a\" style=\"color:#000000;font-style:normal;font-weight:900\">Tu aimes les d\u00e9fis ? Trouves nous !<\/h1>\n\n\n\n<p class=\"has-text-align-center has-base-2-color has-text-color has-link-color wp-elements-e18ce1730395815ff9cebaedc0cbcbe6\">\ud83d\udccdOn est au <strong>33, rue du Havre \u00e0 Caen<\/strong>. Une des rues les moins connues de Caen et pourtant, \u00e0 seulement deux minutes du Quai Vendeuvre.<\/p>\n\n\n\n<p class=\"has-text-align-center has-base-2-color has-text-color has-link-color wp-elements-7c7583dce9aa2819a283e31a4afb6577\">Bon chance.<\/p>\n<\/div>\n\n\n\n<div class=\"map-responsive\">\n  <iframe src=\"https:\/\/www.google.com\/maps\/embed?pb=!1m18!1m12!1m3!1d2608.0768045057175!2d-0.35890282386153677!3d49.18012917801129!2m3!1f0!2f0!3f0!3m2!1i1024!2i768!4f13.1!3m3!1m2!1s0x480a439aa0c52201%3A0x1c873082682524f7!2sLe%20bon%20pr%C3%A9texte!5e0!3m2!1sfr!2sfr!4v1723568387100!5m2!1sfr!2sfr\" width=\"600\" height=\"450\" style=\"border:0;\" allowfullscreen=\"\" loading=\"lazy\"><\/iframe>\n<\/div>\n\n\n\n<div class=\"wp-block-columns are-vertically-aligned-center is-layout-flex wp-container-core-columns-is-layout-28f84493 wp-block-columns-is-layout-flex\">\n<div class=\"wp-block-column is-vertically-aligned-center is-layout-flow wp-block-column-is-layout-flow\"><\/div>\n\n\n\n<div class=\"wp-block-column is-vertically-aligned-center is-layout-flow wp-block-column-is-layout-flow\"><\/div>\n<\/div>\n\n\n\n<div class=\"wp-block-columns is-layout-flex wp-container-core-columns-is-layout-28f84493 wp-block-columns-is-layout-flex\">\n<div class=\"wp-block-column is-layout-flow wp-block-column-is-layout-flow\">\n<p class=\"has-text-align-center\" style=\"font-size:clamp(14px, 0.875rem + ((1vw - 3.2px) * 0.104), 15px);\">\ud83d\udcec 33, rue du Havre, 14000 Caen<\/p>\n\n\n\n<p class=\"has-text-align-center\" style=\"font-size:clamp(14px, 0.875rem + ((1vw - 3.2px) * 0.104), 15px);\">\ud83d\ude98Places de stationnements payants \u00e0 proximit\u00e9<\/p>\n\n\n\n<p class=\"has-text-align-center\" style=\"font-size:clamp(14px, 0.875rem + ((1vw - 3.2px) * 0.104), 15px);\">\ud83d\ude8aEn tram : R\u00e9sistance Saint-Jean <\/p>\n\n\n\n<figure class=\"wp-block-image aligncenter size-large is-resized\"><img loading=\"lazy\" decoding=\"async\" width=\"1024\" height=\"347\" src=\"https:\/\/lebonpretextecaen.com\/wp-content\/uploads\/2024\/08\/T1-T2-T3-1024x347.png\" alt=\"\" class=\"wp-image-29\" style=\"width:62px;height:auto\" srcset=\"https:\/\/lebonpretextecaen.com\/wp-content\/uploads\/2024\/08\/T1-T2-T3-1024x347.png 1024w, https:\/\/lebonpretextecaen.com\/wp-content\/uploads\/2024\/08\/T1-T2-T3-300x102.png 300w, https:\/\/lebonpretextecaen.com\/wp-content\/uploads\/2024\/08\/T1-T2-T3-768x260.png 768w, https:\/\/lebonpretextecaen.com\/wp-content\/uploads\/2024\/08\/T1-T2-T3-1536x521.png 1536w, https:\/\/lebonpretextecaen.com\/wp-content\/uploads\/2024\/08\/T1-T2-T3-2048x694.png 2048w\" sizes=\"auto, (max-width: 1024px) 100vw, 1024px\" \/><\/figure>\n\n\n\n<p class=\"has-text-align-center\" style=\"font-size:clamp(14px, 0.875rem + ((1vw - 3.2px) * 0.104), 15px);\">\ud83d\udeb2 Station V\u00e9lolib Twisto &#8211; Avenue du 6 juin<\/p>\n<\/div>\n<\/div>\n\n\n\n<h2 class=\"wp-block-heading has-text-align-center has-text-color has-link-color has-body-font-family has-large-font-size wp-elements-cad55ff425d3e33e1ca8d47c51b07552\" style=\"color:#f67402;font-style:normal;font-weight:900\">Quand venir nous voir ?<\/h2>\n\n\n\n<div class=\"wp-block-columns is-layout-flex wp-container-core-columns-is-layout-28f84493 wp-block-columns-is-layout-flex\">\n<div class=\"wp-block-column is-layout-flow wp-block-column-is-layout-flow\">\n<p class=\"has-text-align-center\">\ud83d\udd56&nbsp;<strong>NOS HORAIRES<\/strong><\/p>\n\n\n\n<p class=\"has-text-align-center\" style=\"line-height:0.8\">Mardi au jeudi : 17h\/01h<\/p>\n\n\n\n<p class=\"has-text-align-center\" style=\"line-height:0.8\">Vendredi : 16h30\/01h<\/p>\n\n\n\n<p class=\"has-text-align-center\" style=\"line-height:0.8\">Samedi : 15h\/01h<\/p>\n<\/div>\n\n\n\n<div class=\"wp-block-column is-layout-flow wp-block-column-is-layout-flow\">\n<p class=\"has-text-align-center\">\ud83d\udc4b&nbsp;<strong>NOUS CONTACTER :<\/strong><\/p>\n\n\n\n<p class=\"has-text-align-center\">\ud83d\udc8c contact@lebonpretextecaen.com<\/p>\n\n\n\n<p class=\"has-text-align-center\">\ud83d\udcec 33, rue du Havre, 14000 CAEN<\/p>\n\n\n\n<div class=\"wp-block-columns is-layout-flex wp-container-core-columns-is-layout-28f84493 wp-block-columns-is-layout-flex\">\n<div class=\"wp-block-column is-layout-flow wp-block-column-is-layout-flow\">\n<ul class=\"wp-block-social-links aligncenter is-content-justification-center is-layout-flex wp-container-core-social-links-is-layout-a89b3969 wp-block-social-links-is-layout-flex\"><li class=\"wp-social-link wp-social-link-instagram  wp-block-social-link\"><a href=\"https:\/\/www.instagram.com\/lebonpretextecaen\/\" class=\"wp-block-social-link-anchor\"><svg width=\"24\" height=\"24\" viewBox=\"0 0 24 24\" version=\"1.1\" xmlns=\"http:\/\/www.w3.org\/2000\/svg\" aria-hidden=\"true\" focusable=\"false\"><path d=\"M12,4.622c2.403,0,2.688,0.009,3.637,0.052c0.877,0.04,1.354,0.187,1.671,0.31c0.42,0.163,0.72,0.358,1.035,0.673 c0.315,0.315,0.51,0.615,0.673,1.035c0.123,0.317,0.27,0.794,0.31,1.671c0.043,0.949,0.052,1.234,0.052,3.637 s-0.009,2.688-0.052,3.637c-0.04,0.877-0.187,1.354-0.31,1.671c-0.163,0.42-0.358,0.72-0.673,1.035 c-0.315,0.315-0.615,0.51-1.035,0.673c-0.317,0.123-0.794,0.27-1.671,0.31c-0.949,0.043-1.233,0.052-3.637,0.052 s-2.688-0.009-3.637-0.052c-0.877-0.04-1.354-0.187-1.671-0.31c-0.42-0.163-0.72-0.358-1.035-0.673 c-0.315-0.315-0.51-0.615-0.673-1.035c-0.123-0.317-0.27-0.794-0.31-1.671C4.631,14.688,4.622,14.403,4.622,12 s0.009-2.688,0.052-3.637c0.04-0.877,0.187-1.354,0.31-1.671c0.163-0.42,0.358-0.72,0.673-1.035 c0.315-0.315,0.615-0.51,1.035-0.673c0.317-0.123,0.794-0.27,1.671-0.31C9.312,4.631,9.597,4.622,12,4.622 M12,3 C9.556,3,9.249,3.01,8.289,3.054C7.331,3.098,6.677,3.25,6.105,3.472C5.513,3.702,5.011,4.01,4.511,4.511 c-0.5,0.5-0.808,1.002-1.038,1.594C3.25,6.677,3.098,7.331,3.054,8.289C3.01,9.249,3,9.556,3,12c0,2.444,0.01,2.751,0.054,3.711 c0.044,0.958,0.196,1.612,0.418,2.185c0.23,0.592,0.538,1.094,1.038,1.594c0.5,0.5,1.002,0.808,1.594,1.038 c0.572,0.222,1.227,0.375,2.185,0.418C9.249,20.99,9.556,21,12,21s2.751-0.01,3.711-0.054c0.958-0.044,1.612-0.196,2.185-0.418 c0.592-0.23,1.094-0.538,1.594-1.038c0.5-0.5,0.808-1.002,1.038-1.594c0.222-0.572,0.375-1.227,0.418-2.185 C20.99,14.751,21,14.444,21,12s-0.01-2.751-0.054-3.711c-0.044-0.958-0.196-1.612-0.418-2.185c-0.23-0.592-0.538-1.094-1.038-1.594 c-0.5-0.5-1.002-0.808-1.594-1.038c-0.572-0.222-1.227-0.375-2.185-0.418C14.751,3.01,14.444,3,12,3L12,3z M12,7.378 c-2.552,0-4.622,2.069-4.622,4.622S9.448,16.622,12,16.622s4.622-2.069,4.622-4.622S14.552,7.378,12,7.378z M12,15 c-1.657,0-3-1.343-3-3s1.343-3,3-3s3,1.343,3,3S13.657,15,12,15z M16.804,6.116c-0.596,0-1.08,0.484-1.08,1.08 s0.484,1.08,1.08,1.08c0.596,0,1.08-0.484,1.08-1.08S17.401,6.116,16.804,6.116z\"><\/path><\/svg><span class=\"wp-block-social-link-label screen-reader-text\">Instagram<\/span><\/a><\/li>\n\n<li class=\"wp-social-link wp-social-link-facebook  wp-block-social-link\"><a href=\"https:\/\/www.facebook.com\/p\/Le-Bon-Pr%C3%A9texte-Caen-61557383557214\/?locale=fr_FR\" class=\"wp-block-social-link-anchor\"><svg width=\"24\" height=\"24\" viewBox=\"0 0 24 24\" version=\"1.1\" xmlns=\"http:\/\/www.w3.org\/2000\/svg\" aria-hidden=\"true\" focusable=\"false\"><path d=\"M12 2C6.5 2 2 6.5 2 12c0 5 3.7 9.1 8.4 9.9v-7H7.9V12h2.5V9.8c0-2.5 1.5-3.9 3.8-3.9 1.1 0 2.2.2 2.2.2v2.5h-1.3c-1.2 0-1.6.8-1.6 1.6V12h2.8l-.4 2.9h-2.3v7C18.3 21.1 22 17 22 12c0-5.5-4.5-10-10-10z\"><\/path><\/svg><span class=\"wp-block-social-link-label screen-reader-text\">Facebook<\/span><\/a><\/li><\/ul>\n<\/div>\n<\/div>\n<\/div>\n<\/div>\n\n\n\n<hr class=\"wp-block-separator has-alpha-channel-opacity\"\/>\n\n\n\n<hr class=\"wp-block-separator has-text-color has-base-2-color has-alpha-channel-opacity has-base-2-background-color has-background\"\/>\n\n\n\n<p class=\"has-text-align-center has-small-font-size\">\ud83d\udd1e&nbsp;<em>La vente d\u2019alcool est interdite aux mineurs<\/em>.&nbsp;<em>L\u2019abus d\u2019alcool est dangereux pour la sant\u00e9, \u00e0 consommer avec mod\u00e9ration.<\/em><\/p>\n\n\n\n<hr class=\"wp-block-separator has-text-color has-base-2-color has-alpha-channel-opacity has-base-2-background-color has-background\"\/>\n\n\n\n<p class=\"has-text-align-center has-small-font-size\"><a href=\"https:\/\/lebonpretextecaen.com\/\">Accueil<\/a> &#8211; <a href=\"https:\/\/lebonpretextecaen.com\/index.php\/bar\/\">Le Bar<\/a> &#8211; <a href=\"https:\/\/lebonpretextecaen.com\/index.php\/cave\/\">La cave \u00e0 Bi\u00e8res<\/a> &#8211; <a href=\"https:\/\/lebonpretextecaen.com\/index.php\/contact\/\">Contact<\/a> &#8211; <a href=\"https:\/\/lebonpretextecaen.com\/index.php\/mentions-legales\/\">Mention l\u00e9gales<\/a> <\/p>\n\n\n\n<p><\/p>\n","protected":false},"excerpt":{"rendered":"<p>O\u00f9 nous trouver \u00e0 Caen ? Tu aimes les d\u00e9fis ? Trouves nous ! \ud83d\udccdOn est au 33, rue du Havre \u00e0 Caen. Une des rues les moins connues de Caen et pourtant, \u00e0 seulement deux minutes du Quai Vendeuvre. Bon chance. \ud83d\udcec 33, rue du Havre, 14000 Caen \ud83d\ude98Places de stationnements payants \u00e0 proximit\u00e9 [&hellip;]<\/p>\n","protected":false},"author":1,"featured_media":0,"parent":0,"menu_order":0,"comment_status":"closed","ping_status":"closed","template":"","meta":{"footnotes":""},"class_list":["post-11","page","type-page","status-publish","hentry"],"jetpack_sharing_enabled":true,"_links":{"self":[{"href":"https:\/\/lebonpretextecaen.com\/index.php\/wp-json\/wp\/v2\/pages\/11","targetHints":{"allow":["GET"]}}],"collection":[{"href":"https:\/\/lebonpretextecaen.com\/index.php\/wp-json\/wp\/v2\/pages"}],"about":[{"href":"https:\/\/lebonpretextecaen.com\/index.php\/wp-json\/wp\/v2\/types\/page"}],"author":[{"embeddable":true,"href":"https:\/\/lebonpretextecaen.com\/index.php\/wp-json\/wp\/v2\/users\/1"}],"replies":[{"embeddable":true,"href":"https:\/\/lebonpretextecaen.com\/index.php\/wp-json\/wp\/v2\/comments?post=11"}],"version-history":[{"count":46,"href":"https:\/\/lebonpretextecaen.com\/index.php\/wp-json\/wp\/v2\/pages\/11\/revisions"}],"predecessor-version":[{"id":1642,"href":"https:\/\/lebonpretextecaen.com\/index.php\/wp-json\/wp\/v2\/pages\/11\/revisions\/1642"}],"wp:attachment":[{"href":"https:\/\/lebonpretextecaen.com\/index.php\/wp-json\/wp\/v2\/media?parent=11"}],"curies":[{"name":"wp","href":"https:\/\/api.w.org\/{rel}","templated":true}]}}